{"id":28,"date":"2017-02-10T17:02:42","date_gmt":"2017-02-10T16:02:42","guid":{"rendered":"http:\/\/jessicaservieres.com\/?page_id=28"},"modified":"2017-02-10T17:03:02","modified_gmt":"2017-02-10T16:03:02","slug":"portfolio-page","status":"publish","type":"page","link":"https:\/\/jessicaservieres.com\/","title":{"rendered":"Portfolio Page"},"content":{"rendered":"\t\t\t\t<div class=\"jetpack-portfolio-shortcode column-2\">\n\t\t\t\t\t\t\t\t\t<div class=\"portfolio-entry portfolio-entry-column-2 portfolio-entry-mobile-first-item-row portfolio-entry-first-item-row\">\n\t\t\t\t\t\t<header class=\"portfolio-entry-header\">\n\t\t\t\t\t\t<a class=\"portfolio-featured-image\" href=\"https:\/\/jessicaservieres.com\/?portfolio=fleurs-de-cite\"><img loading=\"lazy\" decoding=\"async\" width=\"382\" height=\"567\" src=\"https:\/\/jessicaservieres.com\/wp-content\/uploads\/2017\/10\/FDC1-9.jpg\" class=\"attachment-large size-large wp-post-image\" alt=\"\" srcset=\"https:\/\/jessicaservieres.com\/wp-content\/uploads\/2017\/10\/FDC1-9.jpg 382w, https:\/\/jessicaservieres.com\/wp-content\/uploads\/2017\/10\/FDC1-9-202x300.jpg 202w, https:\/\/jessicaservieres.com\/wp-content\/uploads\/2017\/10\/FDC1-9-220x327.jpg 220w\" sizes=\"auto, (max-width: 382px) 100vw, 382px\" \/><\/a>\n\t\t\t\t\t\t<h2 class=\"portfolio-entry-title\"><a href=\"https:\/\/jessicaservieres.com\/?portfolio=fleurs-de-cite\" title=\"Fleurs de Cit\u00e9\">Fleurs de Cit\u00e9<\/a><\/h2>\n\n\t\t\t\t\t\t\t<div class=\"portfolio-entry-meta\">\n\t\t\t\t\t\t\t\t\t\t\t\t\t\t<\/div>\n\n\t\t\t\t\t\t<\/header>\n\n\t\t\t\t\t\t\t\t\t\t\t\t<div class=\"portfolio-entry-content\"><p>Installation et Performances Performance pour un acrobate, une danseuse et un porte-voix Marion Faure et Abdel Kader diop, investissent le projet Fleurs de Cit\u00e9 avec leur happening Zar. Devant l&rsquo;exposition photo, install\u00e9e sur le march\u00e9 d&rsquo;Aubervilliers, ils interpellent directement, po\u00e9tiquement et politiquement, le passant. Les spectateurs sont invit\u00e9s \u00e0 compl\u00e9ter la phrase \u00ab Je ne [&hellip;]<\/p>\n<\/div>\n\t\t\t\t\t\t\t\t\t\t\t\t<\/div><!-- close .portfolio-entry -->\n\t\t\t\t\t\t\t\t\t\t<div class=\"portfolio-entry portfolio-entry-column-2 portfolio-entry-mobile-last-item-row portfolio-entry-last-item-row\">\n\t\t\t\t\t\t<header class=\"portfolio-entry-header\">\n\t\t\t\t\t\t<a class=\"portfolio-featured-image\" href=\"https:\/\/jessicaservieres.com\/?portfolio=inside-out\"><img loading=\"lazy\" decoding=\"async\" width=\"880\" height=\"1467\" src=\"https:\/\/jessicaservieres.com\/wp-content\/uploads\/2017\/10\/Inside-Out-Affiche-RVB-300dpi.jpg\" class=\"attachment-large size-large wp-post-image\" alt=\"\" srcset=\"https:\/\/jessicaservieres.com\/wp-content\/uploads\/2017\/10\/Inside-Out-Affiche-RVB-300dpi.jpg 1000w, https:\/\/jessicaservieres.com\/wp-content\/uploads\/2017\/10\/Inside-Out-Affiche-RVB-300dpi-768x1280.jpg 768w, https:\/\/jessicaservieres.com\/wp-content\/uploads\/2017\/10\/Inside-Out-Affiche-RVB-300dpi-880x1467.jpg 880w, https:\/\/jessicaservieres.com\/wp-content\/uploads\/2017\/10\/Inside-Out-Affiche-RVB-300dpi-220x367.jpg 220w\" sizes=\"auto, (max-width: 880px) 100vw, 880px\" \/><\/a>\n\t\t\t\t\t\t<h2 class=\"portfolio-entry-title\"><a href=\"https:\/\/jessicaservieres.com\/?portfolio=inside-out\" title=\"Inside Out\">Inside Out<\/a><\/h2>\n\n\t\t\t\t\t\t\t<div class=\"portfolio-entry-meta\">\n\t\t\t\t\t\t\t\t\t\t\t\t\t\t<\/div>\n\n\t\t\t\t\t\t<\/header>\n\n\t\t\t\t\t\t\t\t\t\t\t\t<div class=\"portfolio-entry-content\"><p>\u00a0 &nbsp; &nbsp; &nbsp; &nbsp; &nbsp; &nbsp; &nbsp; &nbsp; S\u00e9rie de 12 photographies panoramiques 360\u00b0 130 \/ 20, 30 et 72 cm support cylindrique, r\u00e9tro\u00e9clair\u00e9es La Maladrerie, Aubervilliers, cit\u00e9 de Seine Saint Denis Con\u00e7ue dans les ann\u00e9es 80 par les architectes Ren\u00e9e Gailhoustet et Jean Renaudie. Comment cette utopie architecturale est elle v\u00e9cue, habit\u00e9e aujourd&rsquo;hui [&hellip;]<\/p>\n<\/div>\n\t\t\t\t\t\t\t\t\t\t\t\t<\/div><!-- close .portfolio-entry -->\n\t\t\t\t\t\t\t\t\t\t<div class=\"portfolio-entry portfolio-entry-column-2 portfolio-entry-mobile-first-item-row portfolio-entry-first-item-row\">\n\t\t\t\t\t\t<header class=\"portfolio-entry-header\">\n\t\t\t\t\t\t<a class=\"portfolio-featured-image\" href=\"https:\/\/jessicaservieres.com\/?portfolio=locolombia\"><img loading=\"lazy\" decoding=\"async\" width=\"880\" height=\"1256\" src=\"https:\/\/jessicaservieres.com\/wp-content\/uploads\/2017\/10\/Locolombia-8-1.jpg\" class=\"attachment-large size-large wp-post-image\" alt=\"\" srcset=\"https:\/\/jessicaservieres.com\/wp-content\/uploads\/2017\/10\/Locolombia-8-1.jpg 1000w, https:\/\/jessicaservieres.com\/wp-content\/uploads\/2017\/10\/Locolombia-8-1-768x1096.jpg 768w, https:\/\/jessicaservieres.com\/wp-content\/uploads\/2017\/10\/Locolombia-8-1-880x1256.jpg 880w, https:\/\/jessicaservieres.com\/wp-content\/uploads\/2017\/10\/Locolombia-8-1-220x314.jpg 220w\" sizes=\"auto, (max-width: 880px) 100vw, 880px\" \/><\/a>\n\t\t\t\t\t\t<h2 class=\"portfolio-entry-title\"><a href=\"https:\/\/jessicaservieres.com\/?portfolio=locolombia\" title=\"100 ans de solitude\">100 ans de solitude<\/a><\/h2>\n\n\t\t\t\t\t\t\t<div class=\"portfolio-entry-meta\">\n\t\t\t\t\t\t\t<div class=\"project-tags\"><span>\u00c9tiquettes\u00a0:<\/span> <a href=\"https:\/\/jessicaservieres.com\/?jetpack-portfolio-tag=cent-ans-de-solitude\" rel=\"tag\">Cent ans de solitude<\/a>, <a href=\"https:\/\/jessicaservieres.com\/?jetpack-portfolio-tag=colombie\" rel=\"tag\">colombie<\/a>, <a href=\"https:\/\/jessicaservieres.com\/?jetpack-portfolio-tag=folie\" rel=\"tag\">folie<\/a>, <a href=\"https:\/\/jessicaservieres.com\/?jetpack-portfolio-tag=gabriel-garcia-marquez\" rel=\"tag\">gabriel garcia marquez<\/a>, <a href=\"https:\/\/jessicaservieres.com\/?jetpack-portfolio-tag=realisme-magique\" rel=\"tag\">r\u00e9alisme magique<\/a><\/div>\t\t\t\t\t\t\t<\/div>\n\n\t\t\t\t\t\t<\/header>\n\n\t\t\t\t\t\t\t\t\t\t\t\t<div class=\"portfolio-entry-content\"><p>2010 Aracataca (alias Macondo), Colombia Une exploration \u00e0 la fronti\u00e8re entre naturel et surnaturel, soi et l&rsquo;autre, dans la ville natale du fondateur du r\u00e9alisme magique, Gabriel Garcia Marquez et de son roman 100 ans de solitude.<\/p>\n<\/div>\n\t\t\t\t\t\t\t\t\t\t\t\t<\/div><!-- close .portfolio-entry -->\n\t\t\t\t\t\t\t\t\t\t<div class=\"portfolio-entry portfolio-entry-column-2 portfolio-entry-mobile-last-item-row portfolio-entry-last-item-row\">\n\t\t\t\t\t\t<header class=\"portfolio-entry-header\">\n\t\t\t\t\t\t<a class=\"portfolio-featured-image\" href=\"https:\/\/jessicaservieres.com\/?portfolio=congo\"><img loading=\"lazy\" decoding=\"async\" width=\"844\" height=\"1125\" src=\"https:\/\/jessicaservieres.com\/wp-content\/uploads\/2017\/10\/Komona-LRK-2-Portrait.jpg\" class=\"attachment-large size-large wp-post-image\" alt=\"\" srcset=\"https:\/\/jessicaservieres.com\/wp-content\/uploads\/2017\/10\/Komona-LRK-2-Portrait.jpg 844w, https:\/\/jessicaservieres.com\/wp-content\/uploads\/2017\/10\/Komona-LRK-2-Portrait-768x1024.jpg 768w, https:\/\/jessicaservieres.com\/wp-content\/uploads\/2017\/10\/Komona-LRK-2-Portrait-220x293.jpg 220w\" sizes=\"auto, (max-width: 844px) 100vw, 844px\" \/><\/a>\n\t\t\t\t\t\t<h2 class=\"portfolio-entry-title\"><a href=\"https:\/\/jessicaservieres.com\/?portfolio=congo\" title=\"Congo\">Congo<\/a><\/h2>\n\n\t\t\t\t\t\t\t<div class=\"portfolio-entry-meta\">\n\t\t\t\t\t\t\t\t\t\t\t\t\t\t<\/div>\n\n\t\t\t\t\t\t<\/header>\n\n\t\t\t\t\t\t\t\t\t\t\t\t<div class=\"portfolio-entry-content\"><p>2011. Kinshasa R\u00e9publique d\u00e9mocratique du Congo. &nbsp; &nbsp; S\u00e9rie r\u00e9alis\u00e9e en parall\u00e8le du tournage du film War Witch, de Kim Nguyen. S\u00e9lection film \u00e9tranger Oscars 2012.<\/p>\n<\/div>\n\t\t\t\t\t\t\t\t\t\t\t\t<\/div><!-- close .portfolio-entry -->\n\t\t\t\t\t\t\t\t\t\t<div class=\"portfolio-entry portfolio-entry-column-2 portfolio-entry-mobile-first-item-row portfolio-entry-first-item-row\">\n\t\t\t\t\t\t<header class=\"portfolio-entry-header\">\n\t\t\t\t\t\t<a class=\"portfolio-featured-image\" href=\"https:\/\/jessicaservieres.com\/?portfolio=vous-etes-bien-urbain\"><img loading=\"lazy\" decoding=\"async\" width=\"880\" height=\"1315\" src=\"https:\/\/jessicaservieres.com\/wp-content\/uploads\/2017\/10\/Vousetesbienurbain-0499-1.jpg\" class=\"attachment-large size-large wp-post-image\" alt=\"\" srcset=\"https:\/\/jessicaservieres.com\/wp-content\/uploads\/2017\/10\/Vousetesbienurbain-0499-1.jpg 1000w, https:\/\/jessicaservieres.com\/wp-content\/uploads\/2017\/10\/Vousetesbienurbain-0499-1-768x1147.jpg 768w, https:\/\/jessicaservieres.com\/wp-content\/uploads\/2017\/10\/Vousetesbienurbain-0499-1-880x1315.jpg 880w, https:\/\/jessicaservieres.com\/wp-content\/uploads\/2017\/10\/Vousetesbienurbain-0499-1-220x329.jpg 220w\" sizes=\"auto, (max-width: 880px) 100vw, 880px\" \/><\/a>\n\t\t\t\t\t\t<h2 class=\"portfolio-entry-title\"><a href=\"https:\/\/jessicaservieres.com\/?portfolio=vous-etes-bien-urbain\" title=\"Vous \u00eates bien urbain\">Vous \u00eates bien urbain<\/a><\/h2>\n\n\t\t\t\t\t\t\t<div class=\"portfolio-entry-meta\">\n\t\t\t\t\t\t\t\t\t\t\t\t\t\t<\/div>\n\n\t\t\t\t\t\t<\/header>\n\n\t\t\t\t\t\t\t\t\t\t\t\t<div class=\"portfolio-entry-content\"><p>S\u00e9rie de 12 photographies Barcelone, Paris, Lille, Lisbonne et Varsovie. &nbsp; &nbsp; &nbsp; &nbsp; Des paysages urbains o\u00f9 l\u2019individu se perd dans de grands ensembles architecturaux. Le temps suspendu de la contemplation interroge notre rapport aux espaces \u00ab\u00a0publics\u00a0\u00bb de la surmodernit\u00e9. &nbsp;<\/p>\n<\/div>\n\t\t\t\t\t\t\t\t\t\t\t\t<\/div><!-- close .portfolio-entry -->\n\t\t\t\t\t\t\t\t\t\t<div class=\"portfolio-entry portfolio-entry-column-2 portfolio-entry-mobile-last-item-row portfolio-entry-last-item-row\">\n\t\t\t\t\t\t<header class=\"portfolio-entry-header\">\n\t\t\t\t\t\t<a class=\"portfolio-featured-image\" href=\"https:\/\/jessicaservieres.com\/?portfolio=fleurs-de-cite-2-2\"><img loading=\"lazy\" decoding=\"async\" width=\"880\" height=\"1321\" src=\"https:\/\/jessicaservieres.com\/wp-content\/uploads\/2019\/05\/FDC-1-Web-1.jpg\" class=\"attachment-large size-large wp-post-image\" alt=\"Jessica Servi\u00e8res - Projet Fleurs de Cit\u00e9 - Femmes et espace public - Ville et genre\" srcset=\"https:\/\/jessicaservieres.com\/wp-content\/uploads\/2019\/05\/FDC-1-Web-1.jpg 1000w, https:\/\/jessicaservieres.com\/wp-content\/uploads\/2019\/05\/FDC-1-Web-1-768x1153.jpg 768w, https:\/\/jessicaservieres.com\/wp-content\/uploads\/2019\/05\/FDC-1-Web-1-880x1321.jpg 880w, https:\/\/jessicaservieres.com\/wp-content\/uploads\/2019\/05\/FDC-1-Web-1-220x330.jpg 220w\" sizes=\"auto, (max-width: 880px) 100vw, 880px\" \/><\/a>\n\t\t\t\t\t\t<h2 class=\"portfolio-entry-title\"><a href=\"https:\/\/jessicaservieres.com\/?portfolio=fleurs-de-cite-2-2\" title=\"Fleurs de Cit\u00e9\">Fleurs de Cit\u00e9<\/a><\/h2>\n\n\t\t\t\t\t\t\t<div class=\"portfolio-entry-meta\">\n\t\t\t\t\t\t\t\t\t\t\t\t\t\t<\/div>\n\n\t\t\t\t\t\t<\/header>\n\n\t\t\t\t\t\t\t\t\t\t\t\t<div class=\"portfolio-entry-content\"><p>Les femmes et l&rsquo;espace publique en banlieue EXPOSITION PHOTO ET CR\u00c9ATION SONORE DANS LA VILLE Fleurs de Cit\u00e9 est un projet artistique qui interroge la place des femmes dans l\u2019espace public. \u00c0 travers des installations dans la ville d\u2019Aubervilliers (Seine-Saint-Denis), il met en lumi\u00e8re les in\u00e9galit\u00e9s de genre qui traversent notre quotidien. Port\u00e9 par Jessica [&hellip;]<\/p>\n<\/div>\n\t\t\t\t\t\t\t\t\t\t\t\t<\/div><!-- close .portfolio-entry -->\n\t\t\t\t\t\t\t\t\t\t<div class=\"portfolio-entry portfolio-entry-column-2 portfolio-entry-mobile-first-item-row portfolio-entry-first-item-row\">\n\t\t\t\t\t\t<header class=\"portfolio-entry-header\">\n\t\t\t\t\t\t<a class=\"portfolio-featured-image\" href=\"https:\/\/jessicaservieres.com\/?portfolio=les-eaux-de-la\"><img loading=\"lazy\" decoding=\"async\" width=\"342\" height=\"1500\" src=\"https:\/\/jessicaservieres.com\/wp-content\/uploads\/2017\/12\/SIRENES5-2.14.jpg\" class=\"attachment-large size-large wp-post-image\" alt=\"\" srcset=\"https:\/\/jessicaservieres.com\/wp-content\/uploads\/2017\/12\/SIRENES5-2.14.jpg 342w, https:\/\/jessicaservieres.com\/wp-content\/uploads\/2017\/12\/SIRENES5-2.14-220x965.jpg 220w\" sizes=\"auto, (max-width: 342px) 100vw, 342px\" \/><\/a>\n\t\t\t\t\t\t<h2 class=\"portfolio-entry-title\"><a href=\"https:\/\/jessicaservieres.com\/?portfolio=les-eaux-de-la\" title=\"Les Eaux de l\u00e0\">Les Eaux de l\u00e0<\/a><\/h2>\n\n\t\t\t\t\t\t\t<div class=\"portfolio-entry-meta\">\n\t\t\t\t\t\t\t<div class=\"project-tags\"><span>\u00c9tiquettes\u00a0:<\/span> <a href=\"https:\/\/jessicaservieres.com\/?jetpack-portfolio-tag=danse-subaquatique\" rel=\"tag\">danse subaquatique<\/a>, <a href=\"https:\/\/jessicaservieres.com\/?jetpack-portfolio-tag=jessica-servieres\" rel=\"tag\">jessica servieres<\/a>, <a href=\"https:\/\/jessicaservieres.com\/?jetpack-portfolio-tag=les-eaux-de-la\" rel=\"tag\">Les eaux de l\u00e0<\/a><\/div>\t\t\t\t\t\t\t<\/div>\n\n\t\t\t\t\t\t<\/header>\n\n\t\t\t\t\t\t\t\t\t\t\t\t<div class=\"portfolio-entry-content\"><p>Installation photo permanente, centre nautique d&rsquo;Aubervilliers Quatre tirages grands formats, 215&nbsp; \/ 30 cm . Plexiglas translucide, impression recto verso, Centre nautique Marl\u00e9ne Perratoux \u00e0 Aubervilliers. Impression sur adh\u00e9sif 4m\/3M<\/p>\n<\/div>\n\t\t\t\t\t\t\t\t\t\t\t\t<\/div><!-- close .portfolio-entry -->\n\t\t\t\t\t\t\t\t\t\t<div class=\"portfolio-entry portfolio-entry-column-2 portfolio-entry-mobile-last-item-row portfolio-entry-last-item-row\">\n\t\t\t\t\t\t<header class=\"portfolio-entry-header\">\n\t\t\t\t\t\t<a class=\"portfolio-featured-image\" href=\"https:\/\/jessicaservieres.com\/?portfolio=fantasmagoria\"><img loading=\"lazy\" decoding=\"async\" width=\"880\" height=\"1508\" src=\"https:\/\/jessicaservieres.com\/wp-content\/uploads\/2018\/05\/IMG_9378-Fly-copy.jpg\" class=\"attachment-large size-large wp-post-image\" alt=\"jessica servieres - fantasmagoria - strates de transformation urbaine\" srcset=\"https:\/\/jessicaservieres.com\/wp-content\/uploads\/2018\/05\/IMG_9378-Fly-copy.jpg 1378w, https:\/\/jessicaservieres.com\/wp-content\/uploads\/2018\/05\/IMG_9378-Fly-copy-1167x2000.jpg 1167w, https:\/\/jessicaservieres.com\/wp-content\/uploads\/2018\/05\/IMG_9378-Fly-copy-768x1316.jpg 768w, https:\/\/jessicaservieres.com\/wp-content\/uploads\/2018\/05\/IMG_9378-Fly-copy-880x1508.jpg 880w, https:\/\/jessicaservieres.com\/wp-content\/uploads\/2018\/05\/IMG_9378-Fly-copy-220x377.jpg 220w\" sizes=\"auto, (max-width: 880px) 100vw, 880px\" \/><\/a>\n\t\t\t\t\t\t<h2 class=\"portfolio-entry-title\"><a href=\"https:\/\/jessicaservieres.com\/?portfolio=fantasmagoria\" title=\"Fantasmagoria\">Fantasmagoria<\/a><\/h2>\n\n\t\t\t\t\t\t\t<div class=\"portfolio-entry-meta\">\n\t\t\t\t\t\t\t\t\t\t\t\t\t\t<\/div>\n\n\t\t\t\t\t\t<\/header>\n\n\t\t\t\t\t\t\t\t\t\t\t\t<div class=\"portfolio-entry-content\"><p>un projet d\u2019Antoine Mialon et Jessica Servi\u00e8res FANTASMAGORIA veut dresser le portrait d\u2019une ville populaire singuli\u00e8re avant que ses particularit\u00e9s ne soient absorb\u00e9es dans des mutations urbaines et sociales majeures. Mais Fantasmagoria, traite aussi d\u2019Aubervilliers comme un vaste territoire de sp\u00e9culation fictionnelle et virtuelle du projet Grand Paris. La ville mute au rythme du d\u00e9bordement [&hellip;]<\/p>\n<\/div>\n\t\t\t\t\t\t\t\t\t\t\t\t<\/div><!-- close .portfolio-entry -->\n\t\t\t\t\t\t\t\t\t\t<div class=\"portfolio-entry portfolio-entry-column-2 portfolio-entry-mobile-first-item-row portfolio-entry-first-item-row\">\n\t\t\t\t\t\t<header class=\"portfolio-entry-header\">\n\t\t\t\t\t\t<a class=\"portfolio-featured-image\" href=\"https:\/\/jessicaservieres.com\/?portfolio=paysages-en-recits\"><img loading=\"lazy\" decoding=\"async\" width=\"880\" height=\"888\" src=\"https:\/\/jessicaservieres.com\/wp-content\/uploads\/2025\/10\/BOBIGNY-Construction-Carte-Postale.webp\" class=\"attachment-large size-large wp-post-image\" alt=\"\" srcset=\"https:\/\/jessicaservieres.com\/wp-content\/uploads\/2025\/10\/BOBIGNY-Construction-Carte-Postale.webp 937w, https:\/\/jessicaservieres.com\/wp-content\/uploads\/2025\/10\/BOBIGNY-Construction-Carte-Postale-150x150.webp 150w, https:\/\/jessicaservieres.com\/wp-content\/uploads\/2025\/10\/BOBIGNY-Construction-Carte-Postale-768x775.webp 768w, https:\/\/jessicaservieres.com\/wp-content\/uploads\/2025\/10\/BOBIGNY-Construction-Carte-Postale-880x888.webp 880w, https:\/\/jessicaservieres.com\/wp-content\/uploads\/2025\/10\/BOBIGNY-Construction-Carte-Postale-220x222.webp 220w, https:\/\/jessicaservieres.com\/wp-content\/uploads\/2025\/10\/BOBIGNY-Construction-Carte-Postale-50x50.webp 50w\" sizes=\"auto, (max-width: 880px) 100vw, 880px\" \/><\/a>\n\t\t\t\t\t\t<h2 class=\"portfolio-entry-title\"><a href=\"https:\/\/jessicaservieres.com\/?portfolio=paysages-en-recits\" title=\"Paysages en R\u00e9cits\">Paysages en R\u00e9cits<\/a><\/h2>\n\n\t\t\t\t\t\t\t<div class=\"portfolio-entry-meta\">\n\t\t\t\t\t\t\t\t\t\t\t\t\t\t<\/div>\n\n\t\t\t\t\t\t<\/header>\n\n\t\t\t\t\t\t\t\t\t\t\t\t<div class=\"portfolio-entry-content\"><p>Le paysage, comme bien commun, et espace physique de la m\u00e9moire est explor\u00e9e dans ce projet artistique polymorphe men\u00e9 aupr\u00e8s de personnes \u00e2g\u00e9es. Images d\u2019archives, dessins et r\u00e9cits sont mis en formes pour traduire la m\u00e9moire d&rsquo;espaces v\u00e9cus, int\u00e9rioris\u00e9s. Cette recherche visuelle et po\u00e9tique met en lumi\u00e8re deux dynamiques essentielles de la m\u00e9moire : celle [&hellip;]<\/p>\n<\/div>\n\t\t\t\t\t\t\t\t\t\t\t\t<\/div><!-- close .portfolio-entry -->\n\t\t\t\t\t\t\t\t\t<\/div><!-- close .jetpack-portfolio -->\n\t\t\t\t\n","protected":false},"excerpt":{"rendered":"","protected":false},"author":1,"featured_media":0,"parent":0,"menu_order":0,"comment_status":"closed","ping_status":"closed","template":"portfolio-page.php","meta":{"jetpack_post_was_ever_published":false,"footnotes":""},"class_list":["post-28","page","type-page","status-publish","hentry","portfolio-entry"],"jetpack_sharing_enabled":true,"jetpack_shortlink":"https:\/\/wp.me\/P8o82l-s","_links":{"self":[{"href":"https:\/\/jessicaservieres.com\/index.php?rest_route=\/wp\/v2\/pages\/28","targetHints":{"allow":["GET"]}}],"collection":[{"href":"https:\/\/jessicaservieres.com\/index.php?rest_route=\/wp\/v2\/pages"}],"about":[{"href":"https:\/\/jessicaservieres.com\/index.php?rest_route=\/wp\/v2\/types\/page"}],"author":[{"embeddable":true,"href":"https:\/\/jessicaservieres.com\/index.php?rest_route=\/wp\/v2\/users\/1"}],"replies":[{"embeddable":true,"href":"https:\/\/jessicaservieres.com\/index.php?rest_route=%2Fwp%2Fv2%2Fcomments&post=28"}],"version-history":[{"count":1,"href":"https:\/\/jessicaservieres.com\/index.php?rest_route=\/wp\/v2\/pages\/28\/revisions"}],"predecessor-version":[{"id":29,"href":"https:\/\/jessicaservieres.com\/index.php?rest_route=\/wp\/v2\/pages\/28\/revisions\/29"}],"wp:attachment":[{"href":"https:\/\/jessicaservieres.com\/index.php?rest_route=%2Fwp%2Fv2%2Fmedia&parent=28"}],"curies":[{"name":"wp","href":"https:\/\/api.w.org\/{rel}","templated":true}]}}